{"id":188,"date":"2021-09-01T10:42:51","date_gmt":"2021-09-01T10:42:51","guid":{"rendered":"https:\/\/itbusiness.liquid-themes.com\/elementor\/?page_id=188"},"modified":"2023-05-09T16:41:48","modified_gmt":"2023-05-09T13:41:48","slug":"rreth-nesh","status":"publish","type":"page","link":"https:\/\/dhipremium.com\/al\/rreth-nesh\/","title":{"rendered":"Rreth nesh"},"content":{"rendered":"\t\t<div data-elementor-type=\"wp-page\" data-elementor-id=\"188\" class=\"elementor elementor-188\">\n\t\t\t\t\t\t\t\t\t<section class=\"elementor-section elementor-top-section elementor-element elementor-element-0f01727 elementor-section-boxed elementor-section-height-default elementor-section-height-default\" data-id=\"0f01727\" data-element_type=\"section\" data-settings=\"{&quot;background_background&quot;:&quot;classic&quot;}\">\n\t\t\t\t\t\t<div class=\"elementor-container elementor-column-gap-default\">\n\t\t\t\t\t<div class=\"elementor-column elementor-col-50 elementor-top-column elementor-element elementor-element-6777c11\" data-id=\"6777c11\" data-element_type=\"column\">\n\t\t\t<div class=\"elementor-widget-wrap elementor-element-populated\">\n\t\t\t\t\t\t\t\t<section class=\"elementor-section elementor-inner-section elementor-element elementor-element-157c365 elementor-section-boxed elementor-section-height-default elementor-section-height-default\" data-id=\"157c365\" data-element_type=\"section\">\n\t\t\t\t\t\t<div class=\"elementor-container elementor-column-gap-default\">\n\t\t\t\t\t<div class=\"elementor-column elementor-col-100 elementor-inner-column elementor-element elementor-element-fe8e691\" data-id=\"fe8e691\" data-element_type=\"column\">\n\t\t\t<div class=\"elementor-widget-wrap elementor-element-populated\">\n\t\t\t\t\t\t\t\t<div class=\"elementor-element elementor-element-fbc2862 elementor-widget elementor-widget-image\" data-id=\"fbc2862\" data-element_type=\"widget\" data-widget_type=\"image.default\">\n\t\t\t\t<div class=\"elementor-widget-container\">\n\t\t\t<style>\/*! elementor - v3.6.7 - 03-07-2022 *\/\n.elementor-widget-image{text-align:center}.elementor-widget-image a{display:inline-block}.elementor-widget-image a img[src$=\".svg\"]{width:48px}.elementor-widget-image img{vertical-align:middle;display:inline-block}<\/style>\t\t\t\t\t\t\t\t\t\t\t\t<img decoding=\"async\" width=\"650\" height=\"580\" src=\"https:\/\/dhipremium.com\/al\/wp-content\/uploads\/2023\/01\/about-1.jpg\" class=\"attachment-full size-full\" alt=\"\" srcset=\"https:\/\/dhipremium.com\/al\/wp-content\/uploads\/2023\/01\/about-1.jpg 650w, https:\/\/dhipremium.com\/al\/wp-content\/uploads\/2023\/01\/about-1-300x268.jpg 300w\" sizes=\"(max-width: 650px) 100vw, 650px\" \/>\t\t\t\t\t\t\t\t\t\t\t\t\t\t\t<\/div>\n\t\t\t\t<\/div>\n\t\t\t\t<div class=\"elementor-element elementor-element-718b9ee elementor-widget elementor-widget-spacer\" data-id=\"718b9ee\" data-element_type=\"widget\" data-widget_type=\"spacer.default\">\n\t\t\t\t<div class=\"elementor-widget-container\">\n\t\t\t<style>\/*! elementor - v3.6.7 - 03-07-2022 *\/\n.e-container.e-container--row .elementor-spacer-inner{width:var(--spacer-size)}.e-container.e-container--column .elementor-spacer-inner,.elementor-column .elementor-spacer-inner{height:var(--spacer-size)}<\/style>\t\t<div class=\"elementor-spacer\">\n\t\t\t<div class=\"elementor-spacer-inner\"><\/div>\n\t\t<\/div>\n\t\t\t\t<\/div>\n\t\t\t\t<\/div>\n\t\t\t\t\t<\/div>\n\t\t<\/div>\n\t\t\t\t\t\t\t<\/div>\n\t\t<\/section>\n\t\t\t\t\t<\/div>\n\t\t<\/div>\n\t\t\t\t<div class=\"elementor-column elementor-col-50 elementor-top-column elementor-element elementor-element-593d68a\" data-id=\"593d68a\" data-element_type=\"column\">\n\t\t\t<div class=\"elementor-widget-wrap elementor-element-populated\">\n\t\t\t\t\t\t\t\t<div class=\"elementor-element elementor-element-5939f34 elementor-widget elementor-widget-spacer\" data-id=\"5939f34\" data-element_type=\"widget\" data-widget_type=\"spacer.default\">\n\t\t\t\t<div class=\"elementor-widget-container\">\n\t\t\t\t\t<div class=\"elementor-spacer\">\n\t\t\t<div class=\"elementor-spacer-inner\"><\/div>\n\t\t<\/div>\n\t\t\t\t<\/div>\n\t\t\t\t<\/div>\n\t\t\t\t<div class=\"elementor-element elementor-element-c1d4636 elementor-widget elementor-widget-text-editor\" data-id=\"c1d4636\" data-element_type=\"widget\" data-widget_type=\"text-editor.default\">\n\t\t\t\t<div class=\"elementor-widget-container\">\n\t\t\t<style>\/*! elementor - v3.6.7 - 03-07-2022 *\/\n.elementor-widget-text-editor.elementor-drop-cap-view-stacked .elementor-drop-cap{background-color:#818a91;color:#fff}.elementor-widget-text-editor.elementor-drop-cap-view-framed .elementor-drop-cap{color:#818a91;border:3px solid;background-color:transparent}.elementor-widget-text-editor:not(.elementor-drop-cap-view-default) .elementor-drop-cap{margin-top:8px}.elementor-widget-text-editor:not(.elementor-drop-cap-view-default) .elementor-drop-cap-letter{width:1em;height:1em}.elementor-widget-text-editor .elementor-drop-cap{float:left;text-align:center;line-height:1;font-size:50px}.elementor-widget-text-editor .elementor-drop-cap-letter{display:inline-block}<\/style>\t\t\t\t<p>Si <strong>DHI Premium<\/strong>, ne ofrojm\u00eb sh\u00ebrbimin e transplantimit t\u00eb flok\u00ebve DHI p\u00ebr pacient\u00ebt dhe klient\u00ebt tan\u00eb me p\u00ebrvoj\u00eb shum\u00ebvje\u00e7are. Ne jemi me ju n\u00eb \u00e7do hap t\u00eb rrug\u00ebs me pajisjet tona m\u00eb t\u00eb fundit dhe ekipin e ekspert\u00ebve.<\/p><p>Si <strong>DHI Premium<\/strong>, ne u ofrojm\u00eb pacient\u00ebve tan\u00eb trajtimin m\u00eb t\u00eb preferuar t\u00eb flok\u00ebve DHI p\u00ebr t&#8217;u dh\u00ebn\u00eb atyre pamjen q\u00eb duan t\u00eb arrijn\u00eb.<\/p><p><strong>DHI Premium<\/strong> ka specialist\u00eb kompetent\u00eb dhe me p\u00ebrvoj\u00eb, t\u00eb cil\u00ebt d\u00ebshirojn\u00eb t\u00eb ofrojn\u00eb metodat dhe rezultatet m\u00eb t\u00eb mira dhe m\u00eb t\u00eb sigurta t\u00eb trajtimit p\u00ebr pacient\u00ebt e tyre.<\/p><p>Fokusi i mjek\u00ebve t\u00eb<strong> DHI Premium<\/strong> \u00ebsht\u00eb gjithmon\u00eb te pacient\u00ebt e tyre; P\u00ebr t\u00eb d\u00ebgjuar shqet\u00ebsimet e tyre, ata hartojn\u00eb procedura trajtimi q\u00eb marrin rezultatet q\u00eb d\u00ebshirojn\u00eb.<\/p><p>N\u00eb aplikimet e transplantit t\u00eb flok\u00ebve; T\u00eb kontribuoj\u00eb n\u00eb zhvillimin e mjek\u00ebsis\u00eb pa kompromentuar parimet etike, duke ofruar sh\u00ebrbime sh\u00ebndet\u00ebsore t\u00eb orientuara nga njeriu, holistike, t\u00eb q\u00ebndrueshme me nj\u00eb kuptim nd\u00ebrkomb\u00ebtar t\u00eb cil\u00ebsis\u00eb.<\/p><p>P\u00ebr t\u00eb ofruar sh\u00ebrbime nd\u00ebrkomb\u00ebtare sh\u00ebndet\u00ebsore dhe p\u00ebr t\u00eb qen\u00eb nj\u00eb qend\u00ebr referimi n\u00eb bot\u00eb me stafin ton\u00eb ekspert dhe infrastruktur\u00ebn teknologjike t\u00eb p\u00ebrdit\u00ebsuar.<\/p>\t\t\t\t\t\t<\/div>\n\t\t\t\t<\/div>\n\t\t\t\t\t<\/div>\n\t\t<\/div>\n\t\t\t\t\t\t\t<\/div>\n\t\t<\/section>\n\t\t\t\t\t\t\t<\/div>\n\t\t","protected":false},"excerpt":{"rendered":"<p>Si DHI Premium, ne ofrojm\u00eb sh\u00ebrbimin e transplantimit t\u00eb flok\u00ebve DHI p\u00ebr pacient\u00ebt dhe klient\u00ebt tan\u00eb me p\u00ebrvoj\u00eb shum\u00ebvje\u00e7are. Ne jemi me ju n\u00eb \u00e7do hap t\u00eb rrug\u00ebs me pajisjet tona m\u00eb t\u00eb fundit dhe ekipin e ekspert\u00ebve. Si DHI Premium, ne u ofrojm\u00eb pacient\u00ebve tan\u00eb trajtimin m\u00eb t\u00eb preferuar t\u00eb flok\u00ebve DHI p\u00ebr t&#8217;u [&hellip;]<\/p>\n","protected":false},"author":1,"featured_media":0,"parent":0,"menu_order":0,"comment_status":"closed","ping_status":"closed","template":"","meta":{"footnotes":""},"class_list":["post-188","page","type-page","status-publish","hentry"],"_links":{"self":[{"href":"https:\/\/dhipremium.com\/al\/wp-json\/wp\/v2\/pages\/188","targetHints":{"allow":["GET"]}}],"collection":[{"href":"https:\/\/dhipremium.com\/al\/wp-json\/wp\/v2\/pages"}],"about":[{"href":"https:\/\/dhipremium.com\/al\/wp-json\/wp\/v2\/types\/page"}],"author":[{"embeddable":true,"href":"https:\/\/dhipremium.com\/al\/wp-json\/wp\/v2\/users\/1"}],"replies":[{"embeddable":true,"href":"https:\/\/dhipremium.com\/al\/wp-json\/wp\/v2\/comments?post=188"}],"version-history":[{"count":179,"href":"https:\/\/dhipremium.com\/al\/wp-json\/wp\/v2\/pages\/188\/revisions"}],"predecessor-version":[{"id":4857,"href":"https:\/\/dhipremium.com\/al\/wp-json\/wp\/v2\/pages\/188\/revisions\/4857"}],"wp:attachment":[{"href":"https:\/\/dhipremium.com\/al\/wp-json\/wp\/v2\/media?parent=188"}],"curies":[{"name":"wp","href":"https:\/\/api.w.org\/{rel}","templated":true}]}}