{"id":4188,"date":"2023-01-28T15:05:50","date_gmt":"2023-01-28T12:05:50","guid":{"rendered":"https:\/\/dhipremium.com\/al\/?page_id=4188"},"modified":"2023-01-28T15:25:12","modified_gmt":"2023-01-28T12:25:12","slug":"blog","status":"publish","type":"page","link":"https:\/\/dhipremium.com\/al\/blog\/","title":{"rendered":"Blog"},"content":{"rendered":"\t\t<div data-elementor-type=\"wp-page\" data-elementor-id=\"4188\" class=\"elementor elementor-4188\">\n\t\t\t\t\t\t\t\t\t<section class=\"elementor-section elementor-top-section elementor-element elementor-element-3d1d63c elementor-section-boxed elementor-section-height-default elementor-section-height-default\" data-id=\"3d1d63c\" data-element_type=\"section\">\n\t\t\t\t\t\t<div class=\"elementor-container elementor-column-gap-default\">\n\t\t\t\t\t<div class=\"elementor-column elementor-col-100 elementor-top-column elementor-element elementor-element-56882c2\" data-id=\"56882c2\" data-element_type=\"column\">\n\t\t\t<div class=\"elementor-widget-wrap elementor-element-populated\">\n\t\t\t\t\t\t\t\t<div class=\"elementor-element elementor-element-a1dc0e3 elementor-widget elementor-widget-ld_blog\" data-id=\"a1dc0e3\" data-element_type=\"widget\" data-widget_type=\"ld_blog.default\">\n\t\t\t\t<div class=\"elementor-widget-container\">\n\t\t\t<div class=\"lqd-lp-grid a1dc0e3 blog-id-169722083 \"><div class=\"lqd-lp-row row pos-rel d-flex flex-wrap\" ><div class=\"lqd-lp-column d-flex flex-column col-md-4 col-sm-6 blog\"><article id=\"post-4162\" class=\"lqd-lp pos-rel lqd-lp lqd-lp-style-16 text-start post-4162 post type-post status-publish format-standard has-post-thumbnail hentry category-blog\">\n\n<div class=\"lqd-lp-img border-radius-4 overflow-hidden pos-rel mb-5\">\n\t<figure class=\"pos-rel bg-cover bg-center w-100\"><img decoding=\"async\" width=\"720\" height=\"400\" src=\"https:\/\/dhipremium.com\/al\/wp-content\/uploads\/2023\/01\/dhi-sac-ekimi-detaylar-1-720x400.jpg\" class=\"w-100 wp-post-image\" alt=\"\" srcset=\"https:\/\/dhipremium.com\/al\/wp-content\/uploads\/2023\/01\/dhi-sac-ekimi-detaylar-1-720x400.jpg 720w, https:\/\/dhipremium.com\/al\/wp-content\/uploads\/2023\/01\/dhi-sac-ekimi-detaylar-1-300x167.jpg 300w, https:\/\/dhipremium.com\/al\/wp-content\/uploads\/2023\/01\/dhi-sac-ekimi-detaylar-1-1024x569.jpg 1024w, https:\/\/dhipremium.com\/al\/wp-content\/uploads\/2023\/01\/dhi-sac-ekimi-detaylar-1.jpg 1390w\" sizes=\"(max-width: 720px) 100vw, 720px\" itemprop=\"image\" \/><\/figure><\/div>\n\n<header class=\"lqd-lp-header mb-3\">\n\t<h2 class=\"entry-title lqd-lp-title h5 m-0\"><a  href=\"https:\/\/dhipremium.com\/al\/kush-nuk-mund-te-beje-transplant-flokesh-dhi-te-gjitha-detajet.html\/\" rel=\"bookmark\">Kush nuk mund t\u00eb b\u00ebj\u00eb transplant flok\u00ebsh DHI? T\u00eb gjitha Detajet<\/a><\/h2><\/header>\n\n\t\t\t<div class=\"lqd-lp-excerpt mb-3\">\n\t\t\t\t<p>Sipas struktur\u00ebs s\u00eb flok\u00ebve, ekzaminimit nga mjeku dhe&#8230;<\/p>\n\t\t\t<\/div>\n\t\t\n<footer class=\"lqd-lp-footer pos-rel z-index-2 pt-1\">\n\t<a href=\"https:\/\/dhipremium.com\/al\/kush-nuk-mund-te-beje-transplant-flokesh-dhi-te-gjitha-detajet.html\/\" class=\"btn btn-naked text-uppercase ltr-sp-1 size-sm font-weight-bold lqd-lp-read-more\">\n\t\t<span class=\"btn-line btn-line-before d-inline-block pos-rel\"><\/span>\n\t\t<span class=\"btn-txt d-inline-block\">Devam\u0131n\u0131 Oku<\/span>\n\t\t<span class=\"btn-line btn-line-after d-inline-block pos-rel\">\n\t\t\t<svg class=\"d-inline-block pos-abs\" xmlns=\"http:\/\/www.w3.org\/2000\/svg\" width=\"12\" height=\"32\" viewBox=\"0 0 12 32\" style=\"height: 2em;\"><path fill=\"currentColor\" d=\"M8.375 16L.437 8.062C-.125 7.5-.125 6.5.438 5.938s1.563-.563 2.126 0l9 9c.562.562.624 1.5.062 2.062l-9.063 9.063c-.312.312-.687.437-1.062.437s-.75-.125-1.063-.438c-.562-.562-.562-1.562 0-2.125z\"><\/path><\/svg>\n\t\t<\/span>\n\t<\/a>\n<\/footer>\n\n<a  href=\"https:\/\/dhipremium.com\/al\/kush-nuk-mund-te-beje-transplant-flokesh-dhi-te-gjitha-detajet.html\/\" class=\"lqd-lp-overlay-link lqd-overlay z-index-2\"><\/a>\n<\/article><\/div><div class=\"lqd-lp-column d-flex flex-column col-md-4 col-sm-6 blog\"><article id=\"post-4156\" class=\"lqd-lp pos-rel lqd-lp lqd-lp-style-16 text-start post-4156 post type-post status-publish format-standard has-post-thumbnail hentry category-blog\">\n\n<div class=\"lqd-lp-img border-radius-4 overflow-hidden pos-rel mb-5\">\n\t<figure class=\"pos-rel bg-cover bg-center w-100\"><img decoding=\"async\" width=\"720\" height=\"400\" src=\"data:image\/svg+xml,%3Csvg xmlns=&#039;http:\/\/www.w3.org\/2000\/svg&#039; viewBox=&#039;0 0 720 400&#039;%3E%3C\/svg%3E\" class=\"w-100 ld-lazyload wp-post-image\" alt=\"\" itemprop=\"image\" data-src=\"https:\/\/dhipremium.com\/al\/wp-content\/uploads\/2023\/01\/dhi-sac-ekimi-avantajlari-1-720x400.jpg\" data-srcset=\"https:\/\/dhipremium.com\/al\/wp-content\/uploads\/2023\/01\/dhi-sac-ekimi-avantajlari-1-720x400.jpg 720w, https:\/\/dhipremium.com\/al\/wp-content\/uploads\/2023\/01\/dhi-sac-ekimi-avantajlari-1-300x167.jpg 300w, https:\/\/dhipremium.com\/al\/wp-content\/uploads\/2023\/01\/dhi-sac-ekimi-avantajlari-1-1024x569.jpg 1024w, https:\/\/dhipremium.com\/al\/wp-content\/uploads\/2023\/01\/dhi-sac-ekimi-avantajlari-1.jpg 1390w\" data-sizes=\"(max-width: 720px) 100vw, 720px\" data-aspect=\"1.8\" \/><\/figure><\/div>\n\n<header class=\"lqd-lp-header mb-3\">\n\t<h2 class=\"entry-title lqd-lp-title h5 m-0\"><a  href=\"https:\/\/dhipremium.com\/al\/avantazhet-e-transplantit-te-flokeve-me-tekniken-dhi.html\/\" rel=\"bookmark\">Avantazhet e transplantit t\u00eb flok\u00ebve me teknik\u00ebn DHI<\/a><\/h2><\/header>\n\n\t\t\t<div class=\"lqd-lp-excerpt mb-3\">\n\t\t\t\t<p>Shartimet e flok\u00ebve merren nga pjesa e pasme e kok\u00ebs ose nga&#8230;<\/p>\n\t\t\t<\/div>\n\t\t\n<footer class=\"lqd-lp-footer pos-rel z-index-2 pt-1\">\n\t<a href=\"https:\/\/dhipremium.com\/al\/avantazhet-e-transplantit-te-flokeve-me-tekniken-dhi.html\/\" class=\"btn btn-naked text-uppercase ltr-sp-1 size-sm font-weight-bold lqd-lp-read-more\">\n\t\t<span class=\"btn-line btn-line-before d-inline-block pos-rel\"><\/span>\n\t\t<span class=\"btn-txt d-inline-block\">Devam\u0131n\u0131 Oku<\/span>\n\t\t<span class=\"btn-line btn-line-after d-inline-block pos-rel\">\n\t\t\t<svg class=\"d-inline-block pos-abs\" xmlns=\"http:\/\/www.w3.org\/2000\/svg\" width=\"12\" height=\"32\" viewBox=\"0 0 12 32\" style=\"height: 2em;\"><path fill=\"currentColor\" d=\"M8.375 16L.437 8.062C-.125 7.5-.125 6.5.438 5.938s1.563-.563 2.126 0l9 9c.562.562.624 1.5.062 2.062l-9.063 9.063c-.312.312-.687.437-1.062.437s-.75-.125-1.063-.438c-.562-.562-.562-1.562 0-2.125z\"><\/path><\/svg>\n\t\t<\/span>\n\t<\/a>\n<\/footer>\n\n<a  href=\"https:\/\/dhipremium.com\/al\/avantazhet-e-transplantit-te-flokeve-me-tekniken-dhi.html\/\" class=\"lqd-lp-overlay-link lqd-overlay z-index-2\"><\/a>\n<\/article><\/div><div class=\"lqd-lp-column d-flex flex-column col-md-4 col-sm-6 blog\"><article id=\"post-4139\" class=\"lqd-lp pos-rel lqd-lp lqd-lp-style-16 text-start post-4139 post type-post status-publish format-standard has-post-thumbnail hentry category-blog\">\n\n<div class=\"lqd-lp-img border-radius-4 overflow-hidden pos-rel mb-5\">\n\t<figure class=\"pos-rel bg-cover bg-center w-100\"><img decoding=\"async\" width=\"720\" height=\"400\" src=\"data:image\/svg+xml,%3Csvg xmlns=&#039;http:\/\/www.w3.org\/2000\/svg&#039; viewBox=&#039;0 0 720 400&#039;%3E%3C\/svg%3E\" class=\"w-100 ld-lazyload wp-post-image\" alt=\"\" itemprop=\"image\" data-src=\"https:\/\/dhipremium.com\/al\/wp-content\/uploads\/2023\/01\/dhi-sac-ekimi-nedir-1-720x400.jpg\" data-srcset=\"https:\/\/dhipremium.com\/al\/wp-content\/uploads\/2023\/01\/dhi-sac-ekimi-nedir-1-720x400.jpg 720w, https:\/\/dhipremium.com\/al\/wp-content\/uploads\/2023\/01\/dhi-sac-ekimi-nedir-1-300x167.jpg 300w, https:\/\/dhipremium.com\/al\/wp-content\/uploads\/2023\/01\/dhi-sac-ekimi-nedir-1-1024x569.jpg 1024w, https:\/\/dhipremium.com\/al\/wp-content\/uploads\/2023\/01\/dhi-sac-ekimi-nedir-1.jpg 1390w\" data-sizes=\"(max-width: 720px) 100vw, 720px\" data-aspect=\"1.8\" \/><\/figure><\/div>\n\n<header class=\"lqd-lp-header mb-3\">\n\t<h2 class=\"entry-title lqd-lp-title h5 m-0\"><a  href=\"https:\/\/dhipremium.com\/al\/cfare-eshte-transplantimi-i-flokeve-dhi.html\/\" rel=\"bookmark\">\u00c7far\u00eb \u00ebsht\u00eb transplantimi i flok\u00ebve DHI?<\/a><\/h2><\/header>\n\n\t\t\t<div class=\"lqd-lp-excerpt mb-3\">\n\t\t\t\t<p>Humbja e flok\u00ebve mund t\u00eb ndodh\u00eb p\u00ebr shkak t\u00eb kushteve mjedisore&#8230;<\/p>\n\t\t\t<\/div>\n\t\t\n<footer class=\"lqd-lp-footer pos-rel z-index-2 pt-1\">\n\t<a href=\"https:\/\/dhipremium.com\/al\/cfare-eshte-transplantimi-i-flokeve-dhi.html\/\" class=\"btn btn-naked text-uppercase ltr-sp-1 size-sm font-weight-bold lqd-lp-read-more\">\n\t\t<span class=\"btn-line btn-line-before d-inline-block pos-rel\"><\/span>\n\t\t<span class=\"btn-txt d-inline-block\">Devam\u0131n\u0131 Oku<\/span>\n\t\t<span class=\"btn-line btn-line-after d-inline-block pos-rel\">\n\t\t\t<svg class=\"d-inline-block pos-abs\" xmlns=\"http:\/\/www.w3.org\/2000\/svg\" width=\"12\" height=\"32\" viewBox=\"0 0 12 32\" style=\"height: 2em;\"><path fill=\"currentColor\" d=\"M8.375 16L.437 8.062C-.125 7.5-.125 6.5.438 5.938s1.563-.563 2.126 0l9 9c.562.562.624 1.5.062 2.062l-9.063 9.063c-.312.312-.687.437-1.062.437s-.75-.125-1.063-.438c-.562-.562-.562-1.562 0-2.125z\"><\/path><\/svg>\n\t\t<\/span>\n\t<\/a>\n<\/footer>\n\n<a  href=\"https:\/\/dhipremium.com\/al\/cfare-eshte-transplantimi-i-flokeve-dhi.html\/\" class=\"lqd-lp-overlay-link lqd-overlay z-index-2\"><\/a>\n<\/article><\/div><div class=\"lqd-lp-column d-flex flex-column col-md-4 col-sm-6 blog\"><article id=\"post-2691\" class=\"lqd-lp pos-rel lqd-lp lqd-lp-style-16 text-start post-2691 post type-post status-publish format-standard has-post-thumbnail hentry category-blog\">\n\n<div class=\"lqd-lp-img border-radius-4 overflow-hidden pos-rel mb-5\">\n\t<figure class=\"pos-rel bg-cover bg-center w-100\"><img decoding=\"async\" width=\"720\" height=\"400\" src=\"data:image\/svg+xml,%3Csvg xmlns=&#039;http:\/\/www.w3.org\/2000\/svg&#039; viewBox=&#039;0 0 720 400&#039;%3E%3C\/svg%3E\" class=\"w-100 ld-lazyload wp-post-image\" alt=\"\" itemprop=\"image\" data-src=\"https:\/\/dhipremium.com\/al\/wp-content\/uploads\/2022\/10\/dhi-teknigi-ile-sac-ekimi-nasil-yapilir-1-720x400.jpg\" data-srcset=\"https:\/\/dhipremium.com\/al\/wp-content\/uploads\/2022\/10\/dhi-teknigi-ile-sac-ekimi-nasil-yapilir-1-720x400.jpg 720w, https:\/\/dhipremium.com\/al\/wp-content\/uploads\/2022\/10\/dhi-teknigi-ile-sac-ekimi-nasil-yapilir-1-300x167.jpg 300w, https:\/\/dhipremium.com\/al\/wp-content\/uploads\/2022\/10\/dhi-teknigi-ile-sac-ekimi-nasil-yapilir-1-1024x569.jpg 1024w, https:\/\/dhipremium.com\/al\/wp-content\/uploads\/2022\/10\/dhi-teknigi-ile-sac-ekimi-nasil-yapilir-1.jpg 1390w\" data-sizes=\"(max-width: 720px) 100vw, 720px\" data-aspect=\"1.8\" \/><\/figure><\/div>\n\n<header class=\"lqd-lp-header mb-3\">\n\t<h2 class=\"entry-title lqd-lp-title h5 m-0\"><a  href=\"https:\/\/dhipremium.com\/al\/si-kryhet-transplantimi-i-flokeve-me-tekniken-dhi.html\/\" rel=\"bookmark\">Si kryhet transplantimi i flok\u00ebve me teknik\u00ebn DHI?<\/a><\/h2><\/header>\n\n\t\t\t<div class=\"lqd-lp-excerpt mb-3\">\n\t\t\t\t<p>DHI tekni\u011fi, FUE\u2019den farkl\u0131 olarak don\u00f6r b\u00f6lgesinden al\u0131nan sa\u00e7 folik\u00fcllerinin&#8230;<\/p>\n\t\t\t<\/div>\n\t\t\n<footer class=\"lqd-lp-footer pos-rel z-index-2 pt-1\">\n\t<a href=\"https:\/\/dhipremium.com\/al\/si-kryhet-transplantimi-i-flokeve-me-tekniken-dhi.html\/\" class=\"btn btn-naked text-uppercase ltr-sp-1 size-sm font-weight-bold lqd-lp-read-more\">\n\t\t<span class=\"btn-line btn-line-before d-inline-block pos-rel\"><\/span>\n\t\t<span class=\"btn-txt d-inline-block\">Devam\u0131n\u0131 Oku<\/span>\n\t\t<span class=\"btn-line btn-line-after d-inline-block pos-rel\">\n\t\t\t<svg class=\"d-inline-block pos-abs\" xmlns=\"http:\/\/www.w3.org\/2000\/svg\" width=\"12\" height=\"32\" viewBox=\"0 0 12 32\" style=\"height: 2em;\"><path fill=\"currentColor\" d=\"M8.375 16L.437 8.062C-.125 7.5-.125 6.5.438 5.938s1.563-.563 2.126 0l9 9c.562.562.624 1.5.062 2.062l-9.063 9.063c-.312.312-.687.437-1.062.437s-.75-.125-1.063-.438c-.562-.562-.562-1.562 0-2.125z\"><\/path><\/svg>\n\t\t<\/span>\n\t<\/a>\n<\/footer>\n\n<a  href=\"https:\/\/dhipremium.com\/al\/si-kryhet-transplantimi-i-flokeve-me-tekniken-dhi.html\/\" class=\"lqd-lp-overlay-link lqd-overlay z-index-2\"><\/a>\n<\/article><\/div><\/div><!--\/ .row --><\/div><!--\/ .lqd-lp-grid -->\t\t<\/div>\n\t\t\t\t<\/div>\n\t\t\t\t\t<\/div>\n\t\t<\/div>\n\t\t\t\t\t\t\t<\/div>\n\t\t<\/section>\n\t\t\t\t\t\t\t<\/div>\n\t\t","protected":false},"excerpt":{"rendered":"","protected":false},"author":1,"featured_media":0,"parent":0,"menu_order":0,"comment_status":"closed","ping_status":"closed","template":"","meta":{"footnotes":""},"class_list":["post-4188","page","type-page","status-publish","hentry"],"_links":{"self":[{"href":"https:\/\/dhipremium.com\/al\/wp-json\/wp\/v2\/pages\/4188","targetHints":{"allow":["GET"]}}],"collection":[{"href":"https:\/\/dhipremium.com\/al\/wp-json\/wp\/v2\/pages"}],"about":[{"href":"https:\/\/dhipremium.com\/al\/wp-json\/wp\/v2\/types\/page"}],"author":[{"embeddable":true,"href":"https:\/\/dhipremium.com\/al\/wp-json\/wp\/v2\/users\/1"}],"replies":[{"embeddable":true,"href":"https:\/\/dhipremium.com\/al\/wp-json\/wp\/v2\/comments?post=4188"}],"version-history":[{"count":8,"href":"https:\/\/dhipremium.com\/al\/wp-json\/wp\/v2\/pages\/4188\/revisions"}],"predecessor-version":[{"id":4198,"href":"https:\/\/dhipremium.com\/al\/wp-json\/wp\/v2\/pages\/4188\/revisions\/4198"}],"wp:attachment":[{"href":"https:\/\/dhipremium.com\/al\/wp-json\/wp\/v2\/media?parent=4188"}],"curies":[{"name":"wp","href":"https:\/\/api.w.org\/{rel}","templated":true}]}}