{"id":188,"date":"2021-09-01T10:42:51","date_gmt":"2021-09-01T10:42:51","guid":{"rendered":"https:\/\/itbusiness.liquid-themes.com\/elementor\/?page_id=188"},"modified":"2023-01-27T16:09:15","modified_gmt":"2023-01-27T13:09:15","slug":"hakkimizda","status":"publish","type":"page","link":"https:\/\/dhipremium.com\/tr\/hakkimizda\/","title":{"rendered":"Hakk\u0131m\u0131zda"},"content":{"rendered":"\t\t<div data-elementor-type=\"wp-page\" data-elementor-id=\"188\" class=\"elementor elementor-188\">\n\t\t\t\t\t\t<section class=\"elementor-section elementor-top-section elementor-element elementor-element-0f01727 elementor-section-boxed elementor-section-height-default elementor-section-height-default\" data-id=\"0f01727\" data-element_type=\"section\" data-settings=\"{&quot;background_background&quot;:&quot;classic&quot;}\">\n\t\t\t\t\t\t<div class=\"elementor-container elementor-column-gap-default\">\n\t\t\t\t\t<div class=\"elementor-column elementor-col-50 elementor-top-column elementor-element elementor-element-6777c11\" data-id=\"6777c11\" data-element_type=\"column\">\n\t\t\t<div class=\"elementor-widget-wrap elementor-element-populated\">\n\t\t\t\t\t\t<section class=\"elementor-section elementor-inner-section elementor-element elementor-element-157c365 elementor-section-boxed elementor-section-height-default elementor-section-height-default\" data-id=\"157c365\" data-element_type=\"section\">\n\t\t\t\t\t\t<div class=\"elementor-container elementor-column-gap-default\">\n\t\t\t\t\t<div class=\"elementor-column elementor-col-100 elementor-inner-column elementor-element elementor-element-fe8e691\" data-id=\"fe8e691\" data-element_type=\"column\">\n\t\t\t<div class=\"elementor-widget-wrap elementor-element-populated\">\n\t\t\t\t\t\t<div class=\"elementor-element elementor-element-fbc2862 elementor-widget elementor-widget-image\" data-id=\"fbc2862\" data-element_type=\"widget\" data-widget_type=\"image.default\">\n\t\t\t\t<div class=\"elementor-widget-container\">\n\t\t\t\t\t\t\t\t\t\t\t\t\t\t\t<img fetchpriority=\"high\" decoding=\"async\" width=\"650\" height=\"580\" src=\"https:\/\/dhipremium.com\/tr\/wp-content\/uploads\/2023\/01\/about-1.jpg\" class=\"attachment-full size-full wp-image-4127\" alt=\"\" srcset=\"https:\/\/dhipremium.com\/tr\/wp-content\/uploads\/2023\/01\/about-1.jpg 650w, https:\/\/dhipremium.com\/tr\/wp-content\/uploads\/2023\/01\/about-1-300x268.jpg 300w\" sizes=\"(max-width: 650px) 100vw, 650px\" \/>\t\t\t\t\t\t\t\t\t\t\t\t\t\t\t<\/div>\n\t\t\t\t<\/div>\n\t\t\t\t<div class=\"elementor-element elementor-element-718b9ee elementor-widget elementor-widget-spacer\" data-id=\"718b9ee\" data-element_type=\"widget\" data-widget_type=\"spacer.default\">\n\t\t\t\t<div class=\"elementor-widget-container\">\n\t\t\t\t\t\t\t<div class=\"elementor-spacer\">\n\t\t\t<div class=\"elementor-spacer-inner\"><\/div>\n\t\t<\/div>\n\t\t\t\t\t\t<\/div>\n\t\t\t\t<\/div>\n\t\t\t\t\t<\/div>\n\t\t<\/div>\n\t\t\t\t\t<\/div>\n\t\t<\/section>\n\t\t\t\t\t<\/div>\n\t\t<\/div>\n\t\t\t\t<div class=\"elementor-column elementor-col-50 elementor-top-column elementor-element elementor-element-593d68a\" data-id=\"593d68a\" data-element_type=\"column\">\n\t\t\t<div class=\"elementor-widget-wrap elementor-element-populated\">\n\t\t\t\t\t\t<div class=\"elementor-element elementor-element-5939f34 elementor-widget elementor-widget-spacer\" data-id=\"5939f34\" data-element_type=\"widget\" data-widget_type=\"spacer.default\">\n\t\t\t\t<div class=\"elementor-widget-container\">\n\t\t\t\t\t\t\t<div class=\"elementor-spacer\">\n\t\t\t<div class=\"elementor-spacer-inner\"><\/div>\n\t\t<\/div>\n\t\t\t\t\t\t<\/div>\n\t\t\t\t<\/div>\n\t\t\t\t<div class=\"elementor-element elementor-element-c1d4636 elementor-widget elementor-widget-text-editor\" data-id=\"c1d4636\" data-element_type=\"widget\" data-widget_type=\"text-editor.default\">\n\t\t\t\t<div class=\"elementor-widget-container\">\n\t\t\t\t\t\t\t\t\t<p><strong>DHI Premium<\/strong> olarak hastalar\u0131m\u0131za ve dan\u0131\u015fanlar\u0131m\u0131za uzun y\u0131llar\u0131n vermi\u015f oldu\u011fu tecr\u00fcbe ile DHI sa\u00e7 ekimi hizmeti sunmaktay\u0131z. Son teknoloji cihazlar\u0131m\u0131z ve uzman ekibimizle her ad\u0131mda yan\u0131n\u0131zday\u0131z.<\/p><p><strong>DHI Premium<\/strong> olarak, hastalar\u0131m\u0131za ula\u015fmak istedikleri g\u00f6r\u00fcn\u00fcm\u00fc kazand\u0131rmak i\u00e7in en \u00e7ok tercih edilen DHI sa\u00e7 tedavisini sunuyoruz.<\/p><p><strong>DHI Premium<\/strong> kadrosunda hastalar\u0131na en iyi ve en g\u00fcvenli tedavi y\u00f6ntem ve sonu\u00e7lar\u0131n\u0131 sa\u011flamak isteyen yetkin ve deneyimli uzmanlar\u0131 vard\u0131r.<\/p><p><strong>DHI Premium<\/strong> doktorlar\u0131n\u0131n oda\u011f\u0131 her zaman hastalar\u0131ndad\u0131r; onlar\u0131n kayg\u0131lar\u0131n\u0131 dinleyerek i\u00e7in istedikleri sonu\u00e7lar\u0131 almak tedavi prosed\u00fcrleri tasarlarlar.<\/p><p>Sa\u00e7 Ekimi uygulamalar\u0131nda; \u0130nsan odakl\u0131, b\u00fct\u00fcnc\u00fcl, s\u00fcrd\u00fcr\u00fclebilir sa\u011fl\u0131k hizmetlerini, uluslararas\u0131 kalite anlay\u0131\u015f\u0131 ile sunarak, etik ilkelerden \u00f6d\u00fcn vermeden t\u0131bb\u0131n geli\u015fimine katk\u0131 sa\u011flamak.<\/p><p>Konusunda uzman kadromuz ve g\u00fcncel teknolojik alt yap\u0131m\u0131z ile Uluslararas\u0131 sa\u011fl\u0131k hizmeti sunmak ve d\u00fcnyada referans merkez olmak.<\/p>\t\t\t\t\t\t\t\t<\/div>\n\t\t\t\t<\/div>\n\t\t\t\t\t<\/div>\n\t\t<\/div>\n\t\t\t\t\t<\/div>\n\t\t<\/section>\n\t\t\t\t<\/div>\n\t\t","protected":false},"excerpt":{"rendered":"<p>DHI Premium olarak hastalar\u0131m\u0131za ve dan\u0131\u015fanlar\u0131m\u0131za uzun y\u0131llar\u0131n vermi\u015f oldu\u011fu tecr\u00fcbe ile DHI sa\u00e7 ekimi hizmeti sunmaktay\u0131z. Son teknoloji cihazlar\u0131m\u0131z ve uzman ekibimizle her ad\u0131mda yan\u0131n\u0131zday\u0131z. DHI Premium olarak, hastalar\u0131m\u0131za ula\u015fmak istedikleri g\u00f6r\u00fcn\u00fcm\u00fc kazand\u0131rmak i\u00e7in en \u00e7ok tercih edilen DHI sa\u00e7 tedavisini sunuyoruz. DHI Premium kadrosunda hastalar\u0131na en iyi ve en g\u00fcvenli tedavi y\u00f6ntem ve [&hellip;]<\/p>\n","protected":false},"author":1,"featured_media":0,"parent":0,"menu_order":0,"comment_status":"closed","ping_status":"closed","template":"","meta":{"footnotes":""},"class_list":["post-188","page","type-page","status-publish","hentry"],"_links":{"self":[{"href":"https:\/\/dhipremium.com\/tr\/wp-json\/wp\/v2\/pages\/188","targetHints":{"allow":["GET"]}}],"collection":[{"href":"https:\/\/dhipremium.com\/tr\/wp-json\/wp\/v2\/pages"}],"about":[{"href":"https:\/\/dhipremium.com\/tr\/wp-json\/wp\/v2\/types\/page"}],"author":[{"embeddable":true,"href":"https:\/\/dhipremium.com\/tr\/wp-json\/wp\/v2\/users\/1"}],"replies":[{"embeddable":true,"href":"https:\/\/dhipremium.com\/tr\/wp-json\/wp\/v2\/comments?post=188"}],"version-history":[{"count":169,"href":"https:\/\/dhipremium.com\/tr\/wp-json\/wp\/v2\/pages\/188\/revisions"}],"predecessor-version":[{"id":4133,"href":"https:\/\/dhipremium.com\/tr\/wp-json\/wp\/v2\/pages\/188\/revisions\/4133"}],"wp:attachment":[{"href":"https:\/\/dhipremium.com\/tr\/wp-json\/wp\/v2\/media?parent=188"}],"curies":[{"name":"wp","href":"https:\/\/api.w.org\/{rel}","templated":true}]}}